{"id":353,"date":"2025-02-21T12:19:13","date_gmt":"2025-02-21T12:19:13","guid":{"rendered":"https:\/\/alejandroruffaldi.com\/nosotros\/"},"modified":"2025-09-28T16:17:42","modified_gmt":"2025-09-28T16:17:42","slug":"sobre-mi","status":"publish","type":"page","link":"https:\/\/alejandroruffaldi.com\/en\/sobre-mi\/","title":{"rendered":"Sobre mi"},"content":{"rendered":"<section class=\"header_about_ecommerce_curvy1_1_1 background-1-dark\" id=\"\" data-block-id=\"69e064b9e58a069e064b9e58a1\" data-block-name=\"acf\/header-about-ecommerce-curvy1-1-1\" data-post-id=\"353\" data-stable-id=\"block_44bc0cea3b0aaaf0f5343692a95fc41e\">\r\n    <div class=\"container\">\r\n        <div class=\"row\">\r\n            <div class=\"col col-titulo\">\r\n                                <h1 class=\"tamano1 color-2-headings-light\">Creemos historias inolvidables y trabajemos juntos en tu negocio<\/h1>\r\n                                                <div class=\"texto tamano-7-mediumcta color-2-body-light\"><p>Lleva tus proyectos al siguiente nivel y alcanza un gran p\u00fablico con audiovisual de primera calidad<\/p>\n<\/div>\r\n                            <\/div>\r\n            <div class=\"col col-imagen\">\r\n                                <div class=\"imagen\" aria-label=\"Alejandro Ruffaldi en el Festival de Cine de San Sebasti\u00e1n (SSIFF), alfombra roja\"\r\n                    style=\"background-image:url('https:\/\/alejandroruffaldi.com\/wp-content\/uploads\/2025\/09\/Imagen-de-WhatsApp-2025-09-25-a-las-08.11.31_12e825d3-1-scaled.jpg');\">\r\n                                        <\/div>\r\n                <\/div>\r\n            <\/div>\r\n        <\/div>\r\n<\/section>\r\n<style>\r\n    .header_about_ecommerce_curvy1_1_1:after {\r\n        content: \"\";\r\n        background: var(--background-1-light);\r\n        width: 100%;\r\n        bottom: -1px;\r\n        left: 0;\r\n        height: 300px;\r\n        position: absolute;\r\n        z-index: 0;\r\n    }\r\n\r\n    .header_about_ecommerce_curvy1_1_1 .col-imagen .imagen {\r\n        height: 737px;\r\n        background-position: center;\r\n        background-repeat: no-repeat;\r\n        border-radius: 30px;\r\n        background-size: cover;\r\n    }\r\n    \r\n    .header_about_ecommerce_curvy1_1_1 {\r\n        padding-top: 260px;\r\n        position: relative;\r\n        padding-bottom: 40px;\r\n    }\r\n\r\n    .header_about_ecommerce_curvy1_1_1 .texto * {\r\n        padding-bottom: 15px;\r\n    }\r\n\r\n    .header_about_ecommerce_curvy1_1_1 .col-imagen {\r\n        margin-top: 125px;\r\n    }\r\n\r\n    .header_about_ecommerce_curvy1_1_1 .texto *:last-child {\r\n        padding-bottom: 0;\r\n    }\r\n\r\n    .header_about_ecommerce_curvy1_1_1 .container {\r\n        position: relative;\r\n        z-index: 1;\r\n    }\r\n\r\n    .header_about_ecommerce_curvy1_1_1 .col-titulo {\r\n        max-width: 1250px;\r\n        margin: 0 auto;\r\n        text-align: center;\r\n    }\r\n\r\n    .header_about_ecommerce_curvy1_1_1 .btn-round {\r\n        border-radius: 60px;\r\n        \/* background: var(--color-boton-3-normal);*\/\r\n        padding: 12px 25px;\r\n        \/*color: var(--color-boton-3-texto-normal);*\/\r\n        display: inline-block;\r\n        min-width: 175px;\r\n        text-align: center;\r\n        text-decoration: none;\r\n    }\r\n    \r\n    .header_about_ecommerce_curvy1_1_1 h1 {\r\n        padding-bottom: 20px;\r\n        max-width: 1205px;\r\n    }\r\n\r\n    @media (max-width:1350px) {\r\n        .header_about_ecommerce_curvy1_1_1 .col-imagen .imagen {\r\n            height: 620px;\r\n        }\r\n    }\r\n\r\n    @media (max-width:1200px) {\r\n        .header_about_ecommerce_curvy1_1_1 .col-imagen .imagen {\r\n            height: 540px;\r\n        }\r\n\r\n        .header_about_ecommerce_curvy1_1_1 {\r\n            padding-top: 180px;\r\n        }\r\n\r\n        .header_about_ecommerce_curvy1_1_1 .col-imagen {\r\n            margin-top: 100px;\r\n        }\r\n    }\r\n\r\n    @media (max-width:992px) {\r\n        .header_about_ecommerce_curvy1_1_1 .col-imagen .imagen {\r\n            height: 450px;\r\n        }\r\n    }\r\n\r\n    @media (max-width:768px) {\r\n        .header_about_ecommerce_curvy1_1_1 .col-imagen .imagen {\r\n            height: 350px;\r\n        }\r\n\r\n        .header_about_ecommerce_curvy1_1_1:after {\r\n            height: 215px;\r\n        }\r\n\r\n        .header_about_ecommerce_curvy1_1_1 {\r\n            padding-top: 100px;\r\n        }\r\n\r\n        .header_about_ecommerce_curvy1_1_1 h1 {\r\n            padding: 35px 0 25px;\r\n            line-height: var(--tamano5-line-height);\r\n            font-size: var(--tamano4-font-size);\r\n        }\r\n\r\n        .header_about_ecommerce_curvy1_1_1 .texto {\r\n            padding-bottom: 20px;\r\n        }\r\n\r\n        .header_about_ecommerce_curvy1_1_1 .col-imagen {\r\n            margin-top: 30px;\r\n        }\r\n    }\r\n\r\n    @media (max-width:575px) {\r\n        .header_about_ecommerce_curvy1_1_1 .col-imagen .imagen {\r\n            height: 275px;\r\n        }\r\n    }\r\n<\/style>\r\n\n\n<section class=\"faqs_ecommerce_curvy1_3_1 background-1-light\" id=\"\" data-block-id=\"69e064b9e812b69e064b9e812c\" data-block-name=\"acf\/faqs-ecommerce-curvy1-3-1\" data-post-id=\"353\" data-stable-id=\"block_5f8498dba6b89e924cdd0b68821c9acc\">\r\n    <div class=\"container\">\r\n        <div class=\"row row-titulo\">\r\n            <div class=\"col\">\r\n                                <h2 class=\"tamano2 color-1-headings-dark\">FAQ\u2019s<\/h2>\r\n                            <\/div>\r\n        <\/div>\r\n        <div class=\"row\">\r\n            <div class=\"col col-texto acordeon\">\r\n                <div class=\"inner\">\r\n                                                            <div class=\"item texto-item background-2-light\">\r\n                        <div class=\"title\">\r\n                            <div class=\"text\">\r\n                                <span>\r\n                                    <h3 class=\"tamano5 color-1-headings-dark \">\u00bfQu\u00e9 tipo de v\u00eddeos editas?<\/h3>\r\n                                <\/span>\r\n                                <div class=\"icono\">\r\n                                    <svg class=\"mas\" width=\"49\" height=\"49\" viewBox=\"0 0 49 49\" fill=\"none\"\r\n                                        xmlns=\"http:\/\/www.w3.org\/2000\/svg\">\r\n                                        <ellipse cx=\"24.5\" cy=\"24.5\" rx=\"24.5\" ry=\"24.5\"\r\n                                            fill=\"#D3E7F6\" \/>\r\n                                        <path d=\"M35 24L15 24\" stroke=\"#3A286E\" stroke-width=\"2\"\r\n                                            stroke-linecap=\"round\" \/>\r\n                                        <path d=\"M25 34L25 14\" stroke=\"#3A286E\" stroke-width=\"2\"\r\n                                            stroke-linecap=\"round\" \/>\r\n                                    <\/svg>\r\n                                    <svg class=\"menos\" width=\"49\" height=\"49\" viewBox=\"0 0 49 49\" fill=\"none\"\r\n                                        xmlns=\"http:\/\/www.w3.org\/2000\/svg\">\r\n                                        <ellipse cx=\"24.5\" cy=\"24.5\" rx=\"24.5\" ry=\"24.5\"\r\n                                            fill=\"#885DA6\" \/>\r\n                                        <path d=\"M35 24L15 24\" stroke=\"#D3E7F6\" stroke-width=\"2\"\r\n                                            stroke-linecap=\"round\" \/>\r\n                                    <\/svg>\r\n                                <\/div>\r\n                            <\/div>\r\n                            <div class=\"clear\"><\/div>\r\n                        <\/div>\r\n                        <div class=\"description\" style=\"display: none;\">\r\n                            <div class=\"contenido flex\">\r\n                                <div class=\"textocont sinimagen\">\r\n                                                                        <div class=\"right\">\r\n                                                                                <div class=\"texto tamano7 color-1-body-dark\"><p>Trabajo principalmente en anuncios publicitarios, contenido digital y piezas cortas pensadas para redes sociales y plataformas online. Tambi\u00e9n realizo edici\u00f3n para cortometrajes y proyectos audiovisuales narrativos.<\/p>\n<\/div>\r\n                                                                                                                    <\/div>\r\n                                <\/div>\r\n                            <\/div>\r\n                        <\/div>\r\n                    <\/div>\r\n                                        <div class=\"item texto-item background-2-light\">\r\n                        <div class=\"title\">\r\n                            <div class=\"text\">\r\n                                <span>\r\n                                    <h3 class=\"tamano5 color-1-headings-dark \">\u00bfEn qu\u00e9 programas trabajas?<\/h3>\r\n                                <\/span>\r\n                                <div class=\"icono\">\r\n                                    <svg class=\"mas\" width=\"49\" height=\"49\" viewBox=\"0 0 49 49\" fill=\"none\"\r\n                                        xmlns=\"http:\/\/www.w3.org\/2000\/svg\">\r\n                                        <ellipse cx=\"24.5\" cy=\"24.5\" rx=\"24.5\" ry=\"24.5\"\r\n                                            fill=\"#D3E7F6\" \/>\r\n                                        <path d=\"M35 24L15 24\" stroke=\"#3A286E\" stroke-width=\"2\"\r\n                                            stroke-linecap=\"round\" \/>\r\n                                        <path d=\"M25 34L25 14\" stroke=\"#3A286E\" stroke-width=\"2\"\r\n                                            stroke-linecap=\"round\" \/>\r\n                                    <\/svg>\r\n                                    <svg class=\"menos\" width=\"49\" height=\"49\" viewBox=\"0 0 49 49\" fill=\"none\"\r\n                                        xmlns=\"http:\/\/www.w3.org\/2000\/svg\">\r\n                                        <ellipse cx=\"24.5\" cy=\"24.5\" rx=\"24.5\" ry=\"24.5\"\r\n                                            fill=\"#885DA6\" \/>\r\n                                        <path d=\"M35 24L15 24\" stroke=\"#D3E7F6\" stroke-width=\"2\"\r\n                                            stroke-linecap=\"round\" \/>\r\n                                    <\/svg>\r\n                                <\/div>\r\n                            <\/div>\r\n                            <div class=\"clear\"><\/div>\r\n                        <\/div>\r\n                        <div class=\"description\" style=\"display: none;\">\r\n                            <div class=\"contenido flex\">\r\n                                <div class=\"textocont sinimagen\">\r\n                                                                        <div class=\"right\">\r\n                                                                                <div class=\"texto tamano7 color-1-body-dark\"><p>Los motion graphics 2D son animaciones gr\u00e1ficas de textos, iconos y elementos visuales. Sirven para explicar conceptos de manera clara, captar la atenci\u00f3n y darle dinamismo a tus anuncios o v\u00eddeos corporativos.<\/p>\n<\/div>\r\n                                                                                                                    <\/div>\r\n                                <\/div>\r\n                            <\/div>\r\n                        <\/div>\r\n                    <\/div>\r\n                                        <div class=\"item texto-item background-2-light\">\r\n                        <div class=\"title\">\r\n                            <div class=\"text\">\r\n                                <span>\r\n                                    <h3 class=\"tamano5 color-1-headings-dark \">\u00bfEn qu\u00e9 programas trabajas?<\/h3>\r\n                                <\/span>\r\n                                <div class=\"icono\">\r\n                                    <svg class=\"mas\" width=\"49\" height=\"49\" viewBox=\"0 0 49 49\" fill=\"none\"\r\n                                        xmlns=\"http:\/\/www.w3.org\/2000\/svg\">\r\n                                        <ellipse cx=\"24.5\" cy=\"24.5\" rx=\"24.5\" ry=\"24.5\"\r\n                                            fill=\"#D3E7F6\" \/>\r\n                                        <path d=\"M35 24L15 24\" stroke=\"#3A286E\" stroke-width=\"2\"\r\n                                            stroke-linecap=\"round\" \/>\r\n                                        <path d=\"M25 34L25 14\" stroke=\"#3A286E\" stroke-width=\"2\"\r\n                                            stroke-linecap=\"round\" \/>\r\n                                    <\/svg>\r\n                                    <svg class=\"menos\" width=\"49\" height=\"49\" viewBox=\"0 0 49 49\" fill=\"none\"\r\n                                        xmlns=\"http:\/\/www.w3.org\/2000\/svg\">\r\n                                        <ellipse cx=\"24.5\" cy=\"24.5\" rx=\"24.5\" ry=\"24.5\"\r\n                                            fill=\"#885DA6\" \/>\r\n                                        <path d=\"M35 24L15 24\" stroke=\"#D3E7F6\" stroke-width=\"2\"\r\n                                            stroke-linecap=\"round\" \/>\r\n                                    <\/svg>\r\n                                <\/div>\r\n                            <\/div>\r\n                            <div class=\"clear\"><\/div>\r\n                        <\/div>\r\n                        <div class=\"description\" style=\"display: none;\">\r\n                            <div class=\"contenido flex\">\r\n                                <div class=\"textocont sinimagen\">\r\n                                                                        <div class=\"right\">\r\n                                                                                <div class=\"texto tamano7 color-1-body-dark\"><p data-start=\"1379\" data-end=\"1580\">Principalmente con Adobe Premiere Pro y After Effects para edici\u00f3n y motion graphics. Tambi\u00e9n tengo experiencia en Nuke y Houdini para composici\u00f3n avanzada y VFX.<\/p>\n<\/div>\r\n                                                                                                                    <\/div>\r\n                                <\/div>\r\n                            <\/div>\r\n                        <\/div>\r\n                    <\/div>\r\n                                                        <\/div>\r\n            <\/div>\r\n        <\/div>\r\n    <\/div>\r\n<\/section>\r\n<style>\r\n    .faqs_ecommerce_curvy1_3_1 .row .textocont:not(.sinimagen) .left img {\r\n        border-radius: 15px;\r\n        max-width: 350px;\r\n    }\r\n\r\n     .faqs_ecommerce_curvy1_3_1 .row .textocont:not(.sinimagen) .right {\r\n        width: calc(100% - 380px);\r\n    }\r\n\r\n    .faqs_ecommerce_curvy1_3_1 .row .textocont:not(.sinimagen) {\r\n        gap: 30px;\r\n        margin: 0;\r\n        padding: 15px 30px 30px 30px;\r\n        align-items: flex-start;\r\n    }\r\n\r\n    .faqs_ecommerce_curvy1_3_1 .row .textocont.sinimagen {\r\n        width: 100%;\r\n        padding: 15px 30px 30px 30px;\r\n        margin: 0;\r\n    }\r\n\r\n    .faqs_ecommerce_curvy1_3_1 .row .textocont.sinimagen .right {\r\n        width: 100%;\r\n    }\r\n\r\n    .faqs_ecommerce_curvy1_3_1 .row .col-texto h3 {\r\n        transition: all ease .3s;\r\n    }\r\n\r\n    .faqs_ecommerce_curvy1_3_1 .row .col-texto {\r\n        width: 100%;\r\n        margin: 0 auto;\r\n    }\r\n\r\n    .faqs_ecommerce_curvy1_3_1 .row .text {\r\n        padding: 15px 30px;\r\n        display: flex;\r\n        align-items: center;\r\n        gap: 30px;\r\n        justify-content: space-between;\r\n    }\r\n\r\n    .faqs_ecommerce_curvy1_3_1 .row .textocont .right {\r\n        width: calc(100% - 533px);\r\n    }\r\n\r\n    .faqs_ecommerce_curvy1_3_1 .row .textocont .left img {\r\n        max-width: 433px;\r\n        border-radius: 3px;\r\n    }\r\n\r\n     .faqs_ecommerce_curvy1_3_1 .row .text>span {\r\n        width: calc(100% - 50px);\r\n    }\r\n\r\n    .faqs_ecommerce_curvy1_3_1 .row .text.open .mas {\r\n        display: none;\r\n    }\r\n\r\n    .faqs_ecommerce_curvy1_3_1 .row .text.open .menos {\r\n        display: block;\r\n    }\r\n\r\n    .faqs_ecommerce_curvy1_3_1 .row .text .menos {\r\n        display: none;\r\n    }\r\n\r\n    .faqs_ecommerce_curvy1_3_1 .row .text .menos ellipse {\r\n        fill: var(--color-boton-1-hover);\r\n    }\r\n\r\n    .faqs_ecommerce_curvy1_3_1 .row .text .mas ellipse {\r\n        fill: var(--color-boton-1-normal);\r\n    }\r\n\r\n    .faqs_ecommerce_curvy1_3_1 .row .text .menos path {\r\n        stroke: var(--color-boton-1-texto-hover);\r\n    }\r\n\r\n    .faqs_ecommerce_curvy1_3_1 .row .text .mas path {\r\n        stroke: var(--color-boton-1-texto-normal);\r\n    }\r\n\r\n    .faqs_ecommerce_curvy1_3_1 .row .textocont {\r\n        display: flex;\r\n        align-items: center;\r\n        margin-bottom: 60px;\r\n        gap: 100px;\r\n    }\r\n\r\n    .faqs_ecommerce_curvy1_3_1 .row {\r\n        display: flex;\r\n        align-items: center;\r\n        gap: 180px;\r\n    }\r\n\r\n    .faqs_ecommerce_curvy1_3_1 .col-texto .inner {\r\n        gap: 20px;\r\n        display: flex;\r\n        flex-direction: column;\r\n    }\r\n\r\n    .faqs_ecommerce_curvy1_3_1 .texto-item {\r\n        cursor: pointer;\r\n        border-radius: 40px;\r\n    }\r\n\r\n     .faqs_ecommerce_curvy1_3_1 .btn-round {\r\n        border-radius: 60px;\r\n        padding: 12px 25px;\r\n        display: inline-block;\r\n        min-width: 175px;\r\n        text-align: center;\r\n        text-decoration: none;\r\n    }\r\n\r\n     .faqs_ecommerce_curvy1_3_1 .texto *:last-child {\r\n        padding-bottom: 0;\r\n    }\r\n\r\n    .faqs_ecommerce_curvy1_3_1 img {\r\n        width: 100%;\r\n    }\r\n\r\n    .faqs_ecommerce_curvy1_3_1 .texto {\r\n        padding-bottom: 30px;\r\n    }\r\n\r\n    .faqs_ecommerce_curvy1_3_1 .texto * {\r\n        padding-bottom: 20px;\r\n    }\r\n\r\n    .faqs_ecommerce_curvy1_3_1 h2 {\r\n        text-align: center;\r\n        padding-bottom: 70px;\r\n    }\r\n\r\n    .faqs_ecommerce_curvy1_3_1 {\r\n        padding: 80px 150px;\r\n        position: relative;\r\n    }\r\n\r\n    @media (max-width:1550px) {\r\n        .faqs_ecommerce_curvy1_3_1 {\r\n            padding-left: 50px;\r\n            padding-right: 50px;\r\n        }\r\n    }\r\n\r\n    @media (max-width:1350px) {\r\n        .faqs_ecommerce_curvy1_3_1 {\r\n            padding-left: 0;\r\n            padding-right: 0;\r\n        }\r\n    }\r\n\r\n    @media (max-width:1200px) {\r\n        .faqs_ecommerce_curvy1_3_1 .row .textocont {\r\n            gap: 30px;\r\n        }\r\n\r\n        .faqs_ecommerce_curvy1_3_1 .row .textocont .right {\r\n            width: calc(100% - 463px);\r\n        }\r\n\r\n        .faqs_ecommerce_curvy1_3_1 .row .textocont {\r\n            margin-bottom: 30px;\r\n        }\r\n\r\n        .faqs_ecommerce_curvy1_3_1 .row .textocont.sinimagen .right {\r\n            width: 100%;\r\n        }\r\n    }\r\n\r\n    @media (max-width:992px) {\r\n        .faqs_ecommerce_curvy1_3_1 .row .textocont.sinimagen {\r\n            padding-left: 30px;\r\n            padding-bottom: 20px;\r\n            padding-right: 30px;\r\n        }\r\n\r\n        .faqs_ecommerce_curvy1_3_1 .row .textocont:not(.sinimagen) {\r\n            padding-bottom: 30px;\r\n        }\r\n\r\n        .faqs_ecommerce_curvy1_3_1 .row .textocont:not(.sinimagen) .right {\r\n            width: 100%;\r\n        }\r\n\r\n        .faqs_ecommerce_curvy1_3_1 .row .textocont {\r\n            flex-direction: column;\r\n            align-items: flex-start;\r\n        }\r\n\r\n        .faqs_ecommerce_curvy1_3_1 .row .textocont .right {\r\n            width: 100%;\r\n        }\r\n\r\n        .faqs_ecommerce_curvy1_3_1 .col-texto .inner {\r\n            gap: 20px;\r\n        }\r\n\r\n        .faqs_ecommerce_curvy1_3_1 .texto {\r\n            padding-bottom: 20px;\r\n        }\r\n\r\n        .faqs_ecommerce_curvy1_3_1 .row {\r\n            flex-direction: column;\r\n            gap: 35px;\r\n        }\r\n\r\n        .faqs_ecommerce_curvy1_3_1 .row .col-texto {\r\n            max-width: 100%;\r\n        }\r\n\r\n        .faqs_ecommerce_curvy1_3_1 .row .col-texto h3 {\r\n            line-height: var(--tamano7-line-height);\r\n        }\r\n\r\n        .faqs_ecommerce_curvy1_3_1 h2 {\r\n            padding-bottom: 35px;\r\n        }\r\n\r\n        .faqs_ecommerce_curvy1_3_1 {\r\n            padding: 40px 0;\r\n        }\r\n    }\r\n<\/style>\r\n<script>\r\n    jQuery(document).on(\"click\", \".faqs_ecommerce_curvy1_3_1 .acordeon .title\", function(e) {\r\n        jQuery(\".faqs_ecommerce_curvy1_3_1 .acordeon .open\").removeClass(\"open\");\r\n        jQuery(\".faqs_ecommerce_curvy1_3_1 .acordeon .column p\").slideUp(\"linear\");\r\n        jQuery(\".faqs_ecommerce_curvy1_3_1 .acordeon .content .icoPlus\").show();\r\n        jQuery(\".faqs_ecommerce_curvy1_3_1 .acordeon .content .icoMinus\").hide();\r\n\r\n        if (jQuery(this).parent(\".item\").children(\".description\").is(\":visible\")) {\r\n            jQuery(\".faqs_ecommerce_curvy1_3_1 .acordeon .description\").slideUp(\"linear\");\r\n        } else {\r\n            jQuery(\".faqs_ecommerce_curvy1_3_1 .acordeon .description\").slideUp(\"linear\");\r\n            jQuery(this).parent(\".item\").children(\".description\").slideDown(\"linear\");\r\n            jQuery(this).children(\".text\").addClass(\"open\");\r\n        }\r\n    });\r\n<\/script>\r\n\r\n<script type=\"application\/ld+json\">{\"@context\":\"https:\/\/schema.org\",\"@type\":\"FAQPage\",\"mainEntity\":[{\"@type\":\"Question\",\"name\":\"\u00bfQu\u00e9 tipo de v\u00eddeos editas?\",\"acceptedAnswer\":{\"@type\":\"Answer\",\"text\":\"<p>Trabajo principalmente en anuncios publicitarios, contenido digital y piezas cortas pensadas para redes sociales y plataformas online. Tambi\u00e9n realizo edici\u00f3n para cortometrajes y proyectos audiovisuales narrativos.<\/p>\\n\"}},{\"@type\":\"Question\",\"name\":\"\u00bfEn qu\u00e9 programas trabajas?\",\"acceptedAnswer\":{\"@type\":\"Answer\",\"text\":\"<p data-start=\\\"1379\\\" data-end=\\\"1580\\\">Principalmente con Adobe Premiere Pro y After Effects para edici\u00f3n y motion graphics. Tambi\u00e9n tengo experiencia en Nuke y Houdini para composici\u00f3n avanzada y VFX.<\/p>\\n\"}}]}<\/script>","protected":false},"excerpt":{"rendered":"","protected":false},"author":2,"featured_media":0,"parent":0,"menu_order":0,"comment_status":"open","ping_status":"closed","template":"","meta":{"_acf_changed":false,"iawp_total_views":3,"footnotes":""},"class_list":["post-353","page","type-page","status-publish","hentry"],"acf":[],"yoast_head":"<!-- This site is optimized with the Yoast SEO plugin v27.4 - https:\/\/yoast.com\/product\/yoast-seo-wordpress\/ -->\n<title>Editor de Video y Artista 3D Alejandro Ruffaldi<\/title>\n<meta name=\"description\" content=\"Descubre c\u00f3mo Alejandro Ruffaldi transforma tus proyectos en experiencias visuales inolvidables con edici\u00f3n de video y arte 3D profesional.\" \/>\n<meta name=\"robots\" content=\"index, follow, max-snippet:-1, max-image-preview:large, max-video-preview:-1\" \/>\n<link rel=\"canonical\" href=\"https:\/\/alejandroruffaldi.com\/en\/sobre-mi\/\" \/>\n<meta property=\"og:locale\" content=\"en_US\" \/>\n<meta property=\"og:type\" content=\"article\" \/>\n<meta property=\"og:title\" content=\"Editor de Video y Artista 3D Alejandro Ruffaldi\" \/>\n<meta property=\"og:description\" content=\"Descubre c\u00f3mo Alejandro Ruffaldi transforma tus proyectos en experiencias visuales inolvidables con edici\u00f3n de video y arte 3D profesional.\" \/>\n<meta property=\"og:url\" content=\"https:\/\/alejandroruffaldi.com\/en\/sobre-mi\/\" \/>\n<meta property=\"og:site_name\" content=\"Alejandro Ruffaldi\" \/>\n<meta property=\"article:modified_time\" content=\"2025-09-28T16:17:42+00:00\" \/>\n<meta name=\"twitter:card\" content=\"summary_large_image\" \/>\n<!-- \/ Yoast SEO plugin. -->","yoast_head_json":{"title":"Editor de Video y Artista 3D Alejandro Ruffaldi","description":"Descubre c\u00f3mo Alejandro Ruffaldi transforma tus proyectos en experiencias visuales inolvidables con edici\u00f3n de video y arte 3D profesional.","robots":{"index":"index","follow":"follow","max-snippet":"max-snippet:-1","max-image-preview":"max-image-preview:large","max-video-preview":"max-video-preview:-1"},"canonical":"https:\/\/alejandroruffaldi.com\/en\/sobre-mi\/","og_locale":"en_US","og_type":"article","og_title":"Editor de Video y Artista 3D Alejandro Ruffaldi","og_description":"Descubre c\u00f3mo Alejandro Ruffaldi transforma tus proyectos en experiencias visuales inolvidables con edici\u00f3n de video y arte 3D profesional.","og_url":"https:\/\/alejandroruffaldi.com\/en\/sobre-mi\/","og_site_name":"Alejandro Ruffaldi","article_modified_time":"2025-09-28T16:17:42+00:00","twitter_card":"summary_large_image","schema":{"@context":"https:\/\/schema.org","@graph":[{"@type":"WebPage","@id":"https:\/\/alejandroruffaldi.com\/en\/sobre-mi\/","url":"https:\/\/alejandroruffaldi.com\/en\/sobre-mi\/","name":"Editor de Video y Artista 3D Alejandro Ruffaldi","isPartOf":{"@id":"https:\/\/alejandroruffaldi.com\/en\/#website"},"datePublished":"2025-02-21T12:19:13+00:00","dateModified":"2025-09-28T16:17:42+00:00","description":"Descubre c\u00f3mo Alejandro Ruffaldi transforma tus proyectos en experiencias visuales inolvidables con edici\u00f3n de video y arte 3D profesional.","breadcrumb":{"@id":"https:\/\/alejandroruffaldi.com\/en\/sobre-mi\/#breadcrumb"},"inLanguage":"en-US","potentialAction":[{"@type":"ReadAction","target":["https:\/\/alejandroruffaldi.com\/en\/sobre-mi\/"]}]},{"@type":"BreadcrumbList","@id":"https:\/\/alejandroruffaldi.com\/en\/sobre-mi\/#breadcrumb","itemListElement":[{"@type":"ListItem","position":1,"name":"Portada","item":"https:\/\/alejandroruffaldi.com\/en\/"},{"@type":"ListItem","position":2,"name":"Sobre mi"}]},{"@type":"WebSite","@id":"https:\/\/alejandroruffaldi.com\/en\/#website","url":"https:\/\/alejandroruffaldi.com\/en\/","name":"Alejandro Ruffaldi","description":"","potentialAction":[{"@type":"SearchAction","target":{"@type":"EntryPoint","urlTemplate":"https:\/\/alejandroruffaldi.com\/en\/?s={search_term_string}"},"query-input":{"@type":"PropertyValueSpecification","valueRequired":true,"valueName":"search_term_string"}}],"inLanguage":"en-US"}]}},"_links":{"self":[{"href":"https:\/\/alejandroruffaldi.com\/en\/wp-json\/wp\/v2\/pages\/353","targetHints":{"allow":["GET"]}}],"collection":[{"href":"https:\/\/alejandroruffaldi.com\/en\/wp-json\/wp\/v2\/pages"}],"about":[{"href":"https:\/\/alejandroruffaldi.com\/en\/wp-json\/wp\/v2\/types\/page"}],"author":[{"embeddable":true,"href":"https:\/\/alejandroruffaldi.com\/en\/wp-json\/wp\/v2\/users\/2"}],"replies":[{"embeddable":true,"href":"https:\/\/alejandroruffaldi.com\/en\/wp-json\/wp\/v2\/comments?post=353"}],"version-history":[{"count":9,"href":"https:\/\/alejandroruffaldi.com\/en\/wp-json\/wp\/v2\/pages\/353\/revisions"}],"predecessor-version":[{"id":818,"href":"https:\/\/alejandroruffaldi.com\/en\/wp-json\/wp\/v2\/pages\/353\/revisions\/818"}],"wp:attachment":[{"href":"https:\/\/alejandroruffaldi.com\/en\/wp-json\/wp\/v2\/media?parent=353"}],"curies":[{"name":"wp","href":"https:\/\/api.w.org\/{rel}","templated":true}]}}