{"id":352,"date":"2025-02-21T12:19:19","date_gmt":"2025-02-21T12:19:19","guid":{"rendered":"https:\/\/alejandroruffaldi.com\/servicios\/"},"modified":"2025-09-28T16:13:42","modified_gmt":"2025-09-28T16:13:42","slug":"servicios","status":"publish","type":"page","link":"https:\/\/alejandroruffaldi.com\/en\/servicios\/","title":{"rendered":"Servicios"},"content":{"rendered":"<section class=\"header_curvy1_30_1 background-1-light\" id=\"\" data-block-id=\"69e064becb20169e064becb202\" data-block-name=\"acf\/header-curvy1-30-1\" data-post-id=\"352\" data-stable-id=\"block_8f5ebb3ff8d0d1d2a168d3b1b9a3d069\">\r\n    <div class=\"container\">\r\n        <div class=\"row\">\r\n            <div class=\"col\">\r\n                                <div class=\"subtitulo tamano6-boldcta color-1-headings-dark\">Especialista en edici\u00f3n de anuncios publicitarios y motion graphics 2D<\/div>\r\n                                <h1 class=\"tamano1 color-1-headings-dark\">Servicios de Edici\u00f3n de V\u00eddeo y Motion Graphics<\/h1>\r\n            <\/div>\r\n        <\/div>\r\n    <\/div>\r\n<\/section>\r\n<style>\r\n    .header_curvy1_30_1 .col .subtitulo {\r\n        text-align: center;\r\n        padding-bottom: 25px;\r\n    }\r\n\r\n    .header_curvy1_30_1 .col h1 {\r\n        text-align: center;\r\n    }\r\n\r\n    .header_curvy1_30_1 .col {\r\n        max-width: 1230px;\r\n        margin: 0 auto;\r\n    }\r\n\r\n    .header_curvy1_30_1 {\r\n        padding: 200px 0 55px 0;\r\n    }\r\n\r\n    @media (max-width:1200px) {\r\n        .header_curvy1_30_1 {\r\n            padding: 120px 0 35px 0;\r\n        }\r\n    }\r\n\r\n    @media (max-width:768px) {\r\n        .header_curvy1_30_1 h1 {\r\n            line-height: var(--tamano3-line-height);\r\n        }\r\n\r\n        .header_curvy1_30_1 {\r\n            padding: 100px 0 40px;\r\n        }\r\n    }\r\n<\/style>\r\n\n\n<section class=\"services_curvy1_22_1 background-1-light\" id=\"\" data-block-id=\"69e064becc37669e064becc377\" data-block-name=\"acf\/services-curvy1-22-1\" data-post-id=\"352\" data-stable-id=\"block_80b527bcb9724c566f76dd7f6b958c09\">\r\n    <div class=\"container\">\r\n        <div class=\"row\">\r\n            <div class=\"col col-top\">\r\n                                            <\/div>\r\n        <\/div>\r\n    <\/div>\r\n    <div class=\"container\">\r\n        <div class=\"row\">\r\n            <div class=\"col col-servicios\">\r\n                <div class=\"servicios\">\r\n                                                                    <a href=\"#\" class=\"servicio-item\">\r\n                            <div class=\"imagen\"\r\n                                aria-label=\"\"\r\n                                style=\"background-image: url('https:\/\/alejandroruffaldi.com\/wp-content\/uploads\/2025\/02\/Leonardo_Vision_XL_Una_imagen_que_muestre_un_estudio_de_edicin_0.jpg');\"><\/div>\r\n                            <div class=\"mask\"><\/div>\r\n                            <div class=\"meta\">\r\n                                <h3 class=\"tamano3 color-1-headings-dark\">\ud83c\udfac Edici\u00f3n de Anuncios Publicitarios<\/h3>\r\n                                                                <div class=\"texto tamano7 color-1-body-dark\">\r\n                                    <p data-start=\"786\" data-end=\"998\">Edici\u00f3n \u00e1gil y efectiva para campa\u00f1as digitales, spots y branded content. Me centro en captar la atenci\u00f3n en los primeros segundos, optimizar el ritmo y adaptar el formato a redes sociales y plataformas online.<\/p>\n                                <\/div>\r\n                                                            <\/div>\r\n                        <\/a>\r\n                                                <a href=\"https:\/\/alejandroruffaldi.com\/contacto\/\" class=\"servicio-item\">\r\n                            <div class=\"imagen\"\r\n                                aria-label=\"\"\r\n                                style=\"background-image: url('');\"><\/div>\r\n                            <div class=\"mask\"><\/div>\r\n                            <div class=\"meta\">\r\n                                <h3 class=\"tamano3 color-1-headings-dark\">\u2728 Motion Graphics 2D<\/h3>\r\n                                                                <div class=\"texto tamano7 color-1-body-dark\">\r\n                                    <p data-start=\"1032\" data-end=\"1235\">Animaciones gr\u00e1ficas para explicar ideas de manera clara y atractiva. Creo t\u00edtulos, transiciones, textos animados e infograf\u00edas en movimiento que refuerzan tu mensaje y hacen que tu contenido destaque.<\/p>\n                                <\/div>\r\n                                                            <\/div>\r\n                        <\/a>\r\n                                                            <\/div>\r\n            <\/div>\r\n        <\/div>\r\n    <\/div>\r\n\r\n<\/section>\r\n<style>\r\n    .services_curvy1_22_1 .servicio-item .texto {\r\n        transition: all ease .3s;\r\n        text-align: center;\r\n    }\r\n\r\n    .services_curvy1_22_1 .servicio-item h3 {\r\n        padding-bottom: 25px;\r\n        transition: all ease .3s;\r\n        text-align: center;\r\n    }\r\n\r\n    .services_curvy1_22_1 .servicio-item:hover .texto,\r\n    .services_curvy1_22_1 .servicio-item.hover .texto {\r\n        color: var(--color-2-headings-light);\r\n    }\r\n\r\n    .services_curvy1_22_1 .servicio-item:hover h3,\r\n    .services_curvy1_22_1 .servicio-item.hover h3 {\r\n        color: var(--background-1-light);\r\n    }\r\n\r\n    .services_curvy1_22_1 .servicio-item:hover .mask,\r\n    .services_curvy1_22_1 .servicio-item:hover .imagen,\r\n    .services_curvy1_22_1 .servicio-item.hover .mask,\r\n    .services_curvy1_22_1 .servicio-item.hover .imagen {\r\n        opacity: 1;\r\n        visibility: visible;\r\n    }\r\n\r\n    .services_curvy1_22_1 .servicio-item .mask {\r\n        background: rgba(43, 43, 43, 0.50);\r\n        position: absolute;\r\n        top: 0;\r\n        left: 0;\r\n        width: 100%;\r\n        height: 100%;\r\n        opacity: 0;\r\n        visibility: hidden;\r\n        border-radius: 30px;\r\n        transition: all ease .3s;\r\n    }\r\n\r\n     .services_curvy1_22_1 .servicio-item .imagen {\r\n        position: absolute;\r\n        top: 0;\r\n        left: 0;\r\n        width: 100%;\r\n        height: 100%;\r\n        opacity: 0;\r\n        background-position: center;\r\n        background-repeat: no-repeat;\r\n        background-size: cover;\r\n        visibility: hidden;\r\n        transition: all ease .3s;\r\n        border-radius: 30px;\r\n    }\r\n\r\n     .services_curvy1_22_1 .servicio-item .meta {\r\n        position: relative;\r\n    }\r\n\r\n    .services_curvy1_22_1 .servicio-item:not(:last-child)::after {\r\n        bottom: -8px;\r\n        width: calc(100% - 30px);\r\n        height: 1px;\r\n        left: 50%;\r\n        transform: translateX(-50%);\r\n        position: absolute;\r\n        background-color: var(--color-3-body-dark);\r\n        opacity: 0.5;\r\n        content: \"\";\r\n    }\r\n\r\n    .services_curvy1_22_1 .servicio-item:hover:not(:last-child)::after {\r\n        display: none;\r\n    }\r\n\r\n    .services_curvy1_22_1 .servicio-item {\r\n        position: relative;\r\n        position: relative;\r\n        display: block;\r\n        text-decoration: none;\r\n        border-radius: 30px;\r\n        transition: all ease .3s;\r\n        padding: 80px 90px 80px 90px;\r\n        margin-bottom: 15px;\r\n    }\r\n\r\n    .services_curvy1_22_1 .col-top {\r\n        max-width: 1079px;\r\n        margin: 0 auto;\r\n        padding-bottom: 70px;\r\n    }\r\n\r\n    .services_curvy1_22_1 h2 {\r\n        text-align: center;\r\n        padding-bottom: 25px;\r\n    }\r\n\r\n\r\n     .services_curvy1_22_1 {\r\n        padding: 80px 150px;\r\n    }\r\n\r\n    @media (max-width:1550px) {\r\n        .services_curvy1_22_1 {\r\n            padding: 80px 50px;\r\n        }\r\n    }\r\n\r\n    @media (max-width:1350px) {\r\n        .services_curvy1_22_1 {\r\n            padding: 80px 0;\r\n        }\r\n    }\r\n\r\n    @media (max-width:992px) {\r\n        .services_curvy1_22_1 .servicio-item {\r\n            padding-top: 100px;\r\n        }\r\n\r\n        .services_curvy1_22_1 {\r\n            padding: 40px 0;\r\n        }\r\n\r\n        .services_curvy1_22_1 .servicio-item h3 {\r\n            padding-bottom: 15px;\r\n        }\r\n\r\n        .services_curvy1_22_1 .col-top {\r\n            padding-bottom: 40px;\r\n        }\r\n\r\n    }\r\n\r\n    @media (max-width:768px) {\r\n        .services_curvy1_22_1 .servicio-item {\r\n            padding: 42px 30px;\r\n        }\r\n\r\n        .services_curvy1_22_1 .servicio-item h3 {\r\n            line-height: var(--tamano4-line-height);\r\n            font-size: var(--tamano5-font-size);\r\n        }\r\n    }\r\n<\/style>\r\n\n\n<section class=\"cta_curvy1_3_1_2 background-1-light\" id=\"\" data-block-id=\"69e064bed0de669e064bed0de9\" data-block-name=\"acf\/cta-curvy1-3-1-2\" data-post-id=\"352\" data-stable-id=\"block_c9295957a3a4f1e5a5b84531f165aa26\">\r\n    <div class=\"container\">\r\n        <div class=\"row\">\r\n            <div class=\"col\">\r\n                <div class=\"inner background-1-dark\">\r\n                                        <div class=\"titulo\">\r\n                        <h2 class=\"tamano3 color-2-headings-light\">Lleva tu marca al siguiente nivel<\/h2>\r\n                    <\/div>\r\n                                                            <div class=\"texto color-2-body-light tamano7\"><p>Potencia tus anuncios y contenidos digitales con edici\u00f3n \u00e1gil y motion graphics 2D profesionales. Convierte tu mensaje en un v\u00eddeo que impacte, conecte y genere resultados.<\/p>\n<\/div>\r\n                                                        <\/div>\r\n            <\/div>\r\n        <\/div>\r\n    <\/div>\r\n<\/section>\r\n<style>\r\n    .cta_curvy1_3_1_2 .inner {\r\n        display: flex;\r\n        gap: 30px;\r\n        border-radius: 30px;\r\n        align-items: center;\r\n        padding: 55px 150px;\r\n        justify-content: space-between;\r\n    }\r\n\r\n     .cta_curvy1_3_1_2 .titulo {\r\n        max-width: 430px;\r\n        width: 100%;\r\n    }\r\n\r\n    .cta_curvy1_3_1_2 .texto {\r\n        max-width: 660px;\r\n        text-align: left;\r\n        width: 100%;\r\n    }\r\n\r\n    .cta_curvy1_3_1_2 {\r\n        padding: 80px 0;\r\n        position: relative;\r\n    }\r\n\r\n    .cta_curvy1_3_1_2 .btn-round {\r\n        border-radius: 60px;\r\n        padding: 15px 30px;\r\n        display: inline-block;\r\n        text-align: center;\r\n        transition: all ease .3s;\r\n        text-decoration: none;\r\n        min-width: 278px;\r\n        display: flex;\r\n        align-items: center;\r\n        justify-content: center;\r\n    }\r\n\r\n    @media (max-width:1750px) {\r\n        .cta_curvy1_3_1_2 .texto {\r\n            max-width: 500px;\r\n        }\r\n    }\r\n\r\n    @media (max-width:1600px) {\r\n        .cta_curvy1_3_1_2 .inner {\r\n            padding-left: 50px;\r\n            padding-right: 50px;\r\n        }\r\n    }\r\n\r\n    @media (max-width:1400px) {\r\n        .cta_curvy1_3_1_2 .texto {\r\n            max-width: 100%;\r\n        }\r\n\r\n        .cta_curvy1_3_1_2 .titulo {\r\n            width: 100%;\r\n        }\r\n    }\r\n\r\n    @media (max-width:1200px) {\r\n        .cta_curvy1_3_1_2 .inner {\r\n            padding-left: 15px;\r\n            padding-right: 15px;\r\n        }\r\n    }\r\n\r\n    @media (max-width:992px) {\r\n        .cta_curvy1_3_1_2 .col .inner {\r\n            border-radius: 30px;\r\n            flex-direction: column;\r\n            align-items: center;\r\n            justify-content: center;\r\n        }\r\n\r\n         .cta_curvy1_3_1_2 .col .inner>* {\r\n            width: 100%;\r\n            max-width: 100%;\r\n            text-align: left;\r\n        }\r\n\r\n        .cta_curvy1_3_1_2 .inner {\r\n            padding: 33px 23px;\r\n        }\r\n\r\n        .cta_curvy1_3_1_2 .col .ctas {\r\n            display: flex;\r\n            align-items: center;\r\n            justify-content: start;\r\n        }\r\n\r\n        .cta_curvy1_3_1_2 .col {\r\n            flex-direction: column;\r\n            justify-content: center;\r\n            align-items: center;\r\n        }\r\n\r\n        .cta_curvy1_3_1_2 {\r\n            padding: 40px 0;\r\n        }\r\n\r\n        .cta_curvy1_3_1_2 .btn-round {\r\n            min-width: 240px\r\n        }\r\n\r\n        .cta_curvy1_3_1_2 .titulo h2 {\r\n            line-height: var(--tamano5-line-height);\r\n        }\r\n    }\r\n<\/style>\r\n","protected":false},"excerpt":{"rendered":"","protected":false},"author":2,"featured_media":0,"parent":0,"menu_order":0,"comment_status":"open","ping_status":"closed","template":"","meta":{"_acf_changed":false,"iawp_total_views":1,"footnotes":""},"class_list":["post-352","page","type-page","status-publish","hentry"],"acf":[],"yoast_head":"<!-- This site is optimized with the Yoast SEO plugin v27.4 - https:\/\/yoast.com\/product\/yoast-seo-wordpress\/ -->\n<title>Servicios de Edici\u00f3n de V\u00eddeo y Motion Graphics<\/title>\n<meta name=\"description\" content=\"Edici\u00f3n \u00e1gil y animaciones gr\u00e1ficas que hacen que tus anuncios destaquen en cualquier plataforma.\" \/>\n<meta name=\"robots\" content=\"index, follow, max-snippet:-1, max-image-preview:large, max-video-preview:-1\" \/>\n<link rel=\"canonical\" href=\"https:\/\/alejandroruffaldi.com\/en\/servicios\/\" \/>\n<meta property=\"og:locale\" content=\"en_US\" \/>\n<meta property=\"og:type\" content=\"article\" \/>\n<meta property=\"og:title\" content=\"Servicios de Edici\u00f3n de V\u00eddeo y Motion Graphics\" \/>\n<meta property=\"og:description\" content=\"Edici\u00f3n \u00e1gil y animaciones gr\u00e1ficas que hacen que tus anuncios destaquen en cualquier plataforma.\" \/>\n<meta property=\"og:url\" content=\"https:\/\/alejandroruffaldi.com\/en\/servicios\/\" \/>\n<meta property=\"og:site_name\" content=\"Alejandro Ruffaldi\" \/>\n<meta property=\"article:modified_time\" content=\"2025-09-28T16:13:42+00:00\" \/>\n<meta name=\"twitter:card\" content=\"summary_large_image\" \/>\n<!-- \/ Yoast SEO plugin. -->","yoast_head_json":{"title":"Servicios de Edici\u00f3n de V\u00eddeo y Motion Graphics","description":"Edici\u00f3n \u00e1gil y animaciones gr\u00e1ficas que hacen que tus anuncios destaquen en cualquier plataforma.","robots":{"index":"index","follow":"follow","max-snippet":"max-snippet:-1","max-image-preview":"max-image-preview:large","max-video-preview":"max-video-preview:-1"},"canonical":"https:\/\/alejandroruffaldi.com\/en\/servicios\/","og_locale":"en_US","og_type":"article","og_title":"Servicios de Edici\u00f3n de V\u00eddeo y Motion Graphics","og_description":"Edici\u00f3n \u00e1gil y animaciones gr\u00e1ficas que hacen que tus anuncios destaquen en cualquier plataforma.","og_url":"https:\/\/alejandroruffaldi.com\/en\/servicios\/","og_site_name":"Alejandro Ruffaldi","article_modified_time":"2025-09-28T16:13:42+00:00","twitter_card":"summary_large_image","schema":{"@context":"https:\/\/schema.org","@graph":[{"@type":"WebPage","@id":"https:\/\/alejandroruffaldi.com\/en\/servicios\/","url":"https:\/\/alejandroruffaldi.com\/en\/servicios\/","name":"Servicios de Edici\u00f3n de V\u00eddeo y Motion Graphics","isPartOf":{"@id":"https:\/\/alejandroruffaldi.com\/en\/#website"},"datePublished":"2025-02-21T12:19:19+00:00","dateModified":"2025-09-28T16:13:42+00:00","description":"Edici\u00f3n \u00e1gil y animaciones gr\u00e1ficas que hacen que tus anuncios destaquen en cualquier plataforma.","breadcrumb":{"@id":"https:\/\/alejandroruffaldi.com\/en\/servicios\/#breadcrumb"},"inLanguage":"en-US","potentialAction":[{"@type":"ReadAction","target":["https:\/\/alejandroruffaldi.com\/en\/servicios\/"]}]},{"@type":"BreadcrumbList","@id":"https:\/\/alejandroruffaldi.com\/en\/servicios\/#breadcrumb","itemListElement":[{"@type":"ListItem","position":1,"name":"Portada","item":"https:\/\/alejandroruffaldi.com\/en\/"},{"@type":"ListItem","position":2,"name":"Servicios"}]},{"@type":"WebSite","@id":"https:\/\/alejandroruffaldi.com\/en\/#website","url":"https:\/\/alejandroruffaldi.com\/en\/","name":"Alejandro Ruffaldi","description":"","potentialAction":[{"@type":"SearchAction","target":{"@type":"EntryPoint","urlTemplate":"https:\/\/alejandroruffaldi.com\/en\/?s={search_term_string}"},"query-input":{"@type":"PropertyValueSpecification","valueRequired":true,"valueName":"search_term_string"}}],"inLanguage":"en-US"}]}},"_links":{"self":[{"href":"https:\/\/alejandroruffaldi.com\/en\/wp-json\/wp\/v2\/pages\/352","targetHints":{"allow":["GET"]}}],"collection":[{"href":"https:\/\/alejandroruffaldi.com\/en\/wp-json\/wp\/v2\/pages"}],"about":[{"href":"https:\/\/alejandroruffaldi.com\/en\/wp-json\/wp\/v2\/types\/page"}],"author":[{"embeddable":true,"href":"https:\/\/alejandroruffaldi.com\/en\/wp-json\/wp\/v2\/users\/2"}],"replies":[{"embeddable":true,"href":"https:\/\/alejandroruffaldi.com\/en\/wp-json\/wp\/v2\/comments?post=352"}],"version-history":[{"count":6,"href":"https:\/\/alejandroruffaldi.com\/en\/wp-json\/wp\/v2\/pages\/352\/revisions"}],"predecessor-version":[{"id":812,"href":"https:\/\/alejandroruffaldi.com\/en\/wp-json\/wp\/v2\/pages\/352\/revisions\/812"}],"wp:attachment":[{"href":"https:\/\/alejandroruffaldi.com\/en\/wp-json\/wp\/v2\/media?parent=352"}],"curies":[{"name":"wp","href":"https:\/\/api.w.org\/{rel}","templated":true}]}}