{"id":346,"date":"2025-02-21T12:20:00","date_gmt":"2025-02-21T12:20:00","guid":{"rendered":"https:\/\/alejandroruffaldi.com\/blog\/"},"modified":"2025-03-07T22:13:43","modified_gmt":"2025-03-07T22:13:43","slug":"blog","status":"publish","type":"page","link":"https:\/\/alejandroruffaldi.com\/en\/blog\/","title":{"rendered":"Blog"},"content":{"rendered":"","protected":false},"excerpt":{"rendered":"","protected":false},"author":0,"featured_media":0,"parent":0,"menu_order":0,"comment_status":"open","ping_status":"closed","template":"","meta":{"_acf_changed":false,"iawp_total_views":0,"footnotes":""},"class_list":["post-346","page","type-page","status-publish","hentry"],"acf":[],"yoast_head":"<!-- This site is optimized with the Yoast SEO plugin v27.4 - https:\/\/yoast.com\/product\/yoast-seo-wordpress\/ -->\n<title>Cine: Tendencias en Edici\u00f3n de V\u00eddeo y Arte 3D<\/title>\n<meta name=\"description\" content=\"Explora las tendencias 2023 en edici\u00f3n de v\u00eddeo y arte 3D para cine y series en Alejandro Ruffaldi. Descubre la revoluci\u00f3n visual con calidad profesional.\" \/>\n<meta name=\"robots\" content=\"index, follow, max-snippet:-1, max-image-preview:large, max-video-preview:-1\" \/>\n<link rel=\"canonical\" href=\"https:\/\/alejandroruffaldi.com\/en\/blog\/\" \/>\n<meta property=\"og:locale\" content=\"en_US\" \/>\n<meta property=\"og:type\" content=\"article\" \/>\n<meta property=\"og:title\" content=\"Cine: Tendencias en Edici\u00f3n de V\u00eddeo y Arte 3D\" \/>\n<meta property=\"og:description\" content=\"Explora las tendencias 2023 en edici\u00f3n de v\u00eddeo y arte 3D para cine y series en Alejandro Ruffaldi. Descubre la revoluci\u00f3n visual con calidad profesional.\" \/>\n<meta property=\"og:url\" content=\"https:\/\/alejandroruffaldi.com\/en\/blog\/\" \/>\n<meta property=\"og:site_name\" content=\"Alejandro Ruffaldi\" \/>\n<meta property=\"article:modified_time\" content=\"2025-03-07T22:13:43+00:00\" \/>\n<meta name=\"twitter:card\" content=\"summary_large_image\" \/>\n<!-- \/ Yoast SEO plugin. -->","yoast_head_json":{"title":"Cine: Tendencias en Edici\u00f3n de V\u00eddeo y Arte 3D","description":"Explora las tendencias 2023 en edici\u00f3n de v\u00eddeo y arte 3D para cine y series en Alejandro Ruffaldi. Descubre la revoluci\u00f3n visual con calidad profesional.","robots":{"index":"index","follow":"follow","max-snippet":"max-snippet:-1","max-image-preview":"max-image-preview:large","max-video-preview":"max-video-preview:-1"},"canonical":"https:\/\/alejandroruffaldi.com\/en\/blog\/","og_locale":"en_US","og_type":"article","og_title":"Cine: Tendencias en Edici\u00f3n de V\u00eddeo y Arte 3D","og_description":"Explora las tendencias 2023 en edici\u00f3n de v\u00eddeo y arte 3D para cine y series en Alejandro Ruffaldi. Descubre la revoluci\u00f3n visual con calidad profesional.","og_url":"https:\/\/alejandroruffaldi.com\/en\/blog\/","og_site_name":"Alejandro Ruffaldi","article_modified_time":"2025-03-07T22:13:43+00:00","twitter_card":"summary_large_image","schema":{"@context":"https:\/\/schema.org","@graph":[{"@type":"WebPage","@id":"https:\/\/alejandroruffaldi.com\/en\/blog\/","url":"https:\/\/alejandroruffaldi.com\/en\/blog\/","name":"Cine: Tendencias en Edici\u00f3n de V\u00eddeo y Arte 3D","isPartOf":{"@id":"https:\/\/alejandroruffaldi.com\/en\/#website"},"datePublished":"2025-02-21T12:20:00+00:00","dateModified":"2025-03-07T22:13:43+00:00","description":"Explora las tendencias 2023 en edici\u00f3n de v\u00eddeo y arte 3D para cine y series en Alejandro Ruffaldi. Descubre la revoluci\u00f3n visual con calidad profesional.","breadcrumb":{"@id":"https:\/\/alejandroruffaldi.com\/en\/blog\/#breadcrumb"},"inLanguage":"en-US","potentialAction":[{"@type":"ReadAction","target":["https:\/\/alejandroruffaldi.com\/en\/blog\/"]}]},{"@type":"BreadcrumbList","@id":"https:\/\/alejandroruffaldi.com\/en\/blog\/#breadcrumb","itemListElement":[{"@type":"ListItem","position":1,"name":"Portada","item":"https:\/\/alejandroruffaldi.com\/en\/"},{"@type":"ListItem","position":2,"name":"Blog"}]},{"@type":"WebSite","@id":"https:\/\/alejandroruffaldi.com\/en\/#website","url":"https:\/\/alejandroruffaldi.com\/en\/","name":"Alejandro Ruffaldi","description":"","potentialAction":[{"@type":"SearchAction","target":{"@type":"EntryPoint","urlTemplate":"https:\/\/alejandroruffaldi.com\/en\/?s={search_term_string}"},"query-input":{"@type":"PropertyValueSpecification","valueRequired":true,"valueName":"search_term_string"}}],"inLanguage":"en-US"}]}},"_links":{"self":[{"href":"https:\/\/alejandroruffaldi.com\/en\/wp-json\/wp\/v2\/pages\/346","targetHints":{"allow":["GET"]}}],"collection":[{"href":"https:\/\/alejandroruffaldi.com\/en\/wp-json\/wp\/v2\/pages"}],"about":[{"href":"https:\/\/alejandroruffaldi.com\/en\/wp-json\/wp\/v2\/types\/page"}],"replies":[{"embeddable":true,"href":"https:\/\/alejandroruffaldi.com\/en\/wp-json\/wp\/v2\/comments?post=346"}],"version-history":[{"count":1,"href":"https:\/\/alejandroruffaldi.com\/en\/wp-json\/wp\/v2\/pages\/346\/revisions"}],"predecessor-version":[{"id":648,"href":"https:\/\/alejandroruffaldi.com\/en\/wp-json\/wp\/v2\/pages\/346\/revisions\/648"}],"wp:attachment":[{"href":"https:\/\/alejandroruffaldi.com\/en\/wp-json\/wp\/v2\/media?parent=346"}],"curies":[{"name":"wp","href":"https:\/\/api.w.org\/{rel}","templated":true}]}}